{"id":30,"date":"2026-03-09T20:08:21","date_gmt":"2026-03-09T20:08:21","guid":{"rendered":"https:\/\/erablier-pro-v2.talk2mysite.com\/product\/sirop-derable-pur\/"},"modified":"2026-03-09T20:08:21","modified_gmt":"2026-03-09T20:08:21","slug":"sirop-derable-pur","status":"publish","type":"product","link":"https:\/\/erablier-pro-v2.talk2mysite.com\/en\/product\/sirop-derable-pur\/","title":{"rendered":"Pure maple syrup"},"content":{"rendered":"<p>Sirop d&#8217;\u00e9rable pur, r\u00e9colt\u00e9 \u00e0 la main dans nos \u00e9rabli\u00e8res. Un produit naturel et authentique de qualit\u00e9 sup\u00e9rieure. Id\u00e9al pour vos d\u00e9jeuners, desserts et recettes.<\/p>","protected":false},"excerpt":{"rendered":"<p>Sirop d&#8217;\u00e9rable pur, r\u00e9colt\u00e9 \u00e0 la main dans nos \u00e9rabli\u00e8res. Un produit naturel et authentique de qualit\u00e9 sup\u00e9rieure. Id\u00e9al pour vos d\u00e9jeuners, desserts et recettes.<\/p>","protected":false},"featured_media":0,"comment_status":"open","ping_status":"closed","template":"","meta":[],"product_brand":[],"product_cat":[],"product_tag":[],"class_list":{"0":"post-30","1":"product","2":"type-product","3":"status-publish","6":"first","7":"instock","8":"shipping-taxable","9":"purchasable","10":"product-type-simple"},"_links":{"self":[{"href":"https:\/\/erablier-pro-v2.talk2mysite.com\/en\/wp-json\/wp\/v2\/product\/30","targetHints":{"allow":["GET"]}}],"collection":[{"href":"https:\/\/erablier-pro-v2.talk2mysite.com\/en\/wp-json\/wp\/v2\/product"}],"about":[{"href":"https:\/\/erablier-pro-v2.talk2mysite.com\/en\/wp-json\/wp\/v2\/types\/product"}],"replies":[{"embeddable":true,"href":"https:\/\/erablier-pro-v2.talk2mysite.com\/en\/wp-json\/wp\/v2\/comments?post=30"}],"wp:attachment":[{"href":"https:\/\/erablier-pro-v2.talk2mysite.com\/en\/wp-json\/wp\/v2\/media?parent=30"}],"wp:term":[{"taxonomy":"product_brand","embeddable":true,"href":"https:\/\/erablier-pro-v2.talk2mysite.com\/en\/wp-json\/wp\/v2\/product_brand?post=30"},{"taxonomy":"product_cat","embeddable":true,"href":"https:\/\/erablier-pro-v2.talk2mysite.com\/en\/wp-json\/wp\/v2\/product_cat?post=30"},{"taxonomy":"product_tag","embeddable":true,"href":"https:\/\/erablier-pro-v2.talk2mysite.com\/en\/wp-json\/wp\/v2\/product_tag?post=30"}],"curies":[{"name":"wp","href":"https:\/\/api.w.org\/{rel}","templated":true}]}}